{"id":885,"date":"2023-12-06T11:55:38","date_gmt":"2023-12-06T11:55:38","guid":{"rendered":"https:\/\/ecvg.com.br\/site\/?page_id=885"},"modified":"2023-12-06T13:27:31","modified_gmt":"2023-12-06T13:27:31","slug":"promocao-indicacao","status":"publish","type":"page","link":"https:\/\/ecvg.com.br\/site\/promocao-indicacao\/","title":{"rendered":"PROMO\u00c7\u00c3O INDICA\u00c7\u00c3O"},"content":{"rendered":"\n<figure class=\"wp-block-video\"><video height=\"1080\" style=\"aspect-ratio: 1080 \/ 1080;\" width=\"1080\" controls src=\"https:\/\/ecvg.com.br\/site\/wp-content\/uploads\/2023\/12\/indicacao.mp4\"><\/video><\/figure>\n\n\n\n<p class=\"has-text-align-center\">Voc\u00ea que \u00e9 associado ativo e pagante do Esporte Clube Vila Galv\u00e3o, poder\u00e1 indicar amigos para ficarem s\u00f3cios do clube e voc\u00ea ser\u00e1 bonificado com 50% de desconto em sua pr\u00f3xima manuten\u00e7\u00e3o (n\u00e3o inclui dependentes). Segue as regras abaixo, participe e ganhe seu desconto!<\/p>\n\n\n\n<p><strong>REGRAS E NORMAS PARA INDICAR UM AMIGO(A):<\/strong><\/p>\n\n\n\n<p>1\u00ba Estar em dia com as manuten\u00e7\u00f5es.<\/p>\n\n\n\n<p>2\u00ba Informar o n\u00ba t\u00edtulo para consulta na hora que seu amigo for aderir um t\u00edtulo.<\/p>\n\n\n\n<p>3\u00ba O desconto na manuten\u00e7\u00e3o n\u00e3o contempla manuten\u00e7\u00f5es de dependentes!<\/p>\n\n\n\n<p><strong>4\u00ba O VALOR DE DESCONTO SER\u00c1 PARA O PR\u00d3XIMO M\u00caS, N\u00c3O NO M\u00caS CORRENTE!<\/strong><\/p>\n","protected":false},"excerpt":{"rendered":"<p>Voc\u00ea que \u00e9 associado ativo e pagante do Esporte Clube Vila Galv\u00e3o, poder\u00e1 indicar amigos para ficarem s\u00f3cios do clube e voc\u00ea ser\u00e1 bonificado com 50% de desconto em sua pr\u00f3xima manuten\u00e7\u00e3o (n\u00e3o inclui dependentes). Segue as regras abaixo, participe e ganhe seu desconto! REGRAS E NORMAS PARA INDICAR UM AMIGO(A): 1\u00ba Estar em dia [&hellip;]<\/p>\n","protected":false},"author":1,"featured_media":0,"parent":0,"menu_order":0,"comment_status":"closed","ping_status":"closed","template":"","meta":{"footnotes":""},"class_list":["post-885","page","type-page","status-publish","czr-hentry"],"_links":{"self":[{"href":"https:\/\/ecvg.com.br\/site\/wp-json\/wp\/v2\/pages\/885","targetHints":{"allow":["GET"]}}],"collection":[{"href":"https:\/\/ecvg.com.br\/site\/wp-json\/wp\/v2\/pages"}],"about":[{"href":"https:\/\/ecvg.com.br\/site\/wp-json\/wp\/v2\/types\/page"}],"author":[{"embeddable":true,"href":"https:\/\/ecvg.com.br\/site\/wp-json\/wp\/v2\/users\/1"}],"replies":[{"embeddable":true,"href":"https:\/\/ecvg.com.br\/site\/wp-json\/wp\/v2\/comments?post=885"}],"version-history":[{"count":4,"href":"https:\/\/ecvg.com.br\/site\/wp-json\/wp\/v2\/pages\/885\/revisions"}],"predecessor-version":[{"id":893,"href":"https:\/\/ecvg.com.br\/site\/wp-json\/wp\/v2\/pages\/885\/revisions\/893"}],"wp:attachment":[{"href":"https:\/\/ecvg.com.br\/site\/wp-json\/wp\/v2\/media?parent=885"}],"curies":[{"name":"wp","href":"https:\/\/api.w.org\/{rel}","templated":true}]}}