{"id":708,"date":"2023-10-31T07:26:06","date_gmt":"2023-10-31T07:26:06","guid":{"rendered":"https:\/\/ecvg.com.br\/site\/?page_id=708"},"modified":"2025-08-17T11:25:55","modified_gmt":"2025-08-17T11:25:55","slug":"quadra-volei-de-praia","status":"publish","type":"page","link":"https:\/\/ecvg.com.br\/site\/quadra-volei-de-praia\/","title":{"rendered":"Quadra de Areia"},"content":{"rendered":"\n<div class=\"wp-block-media-text is-stacked-on-mobile\"><figure class=\"wp-block-media-text__media\"><img loading=\"lazy\" decoding=\"async\" width=\"1024\" height=\"576\" src=\"https:\/\/ecvg.com.br\/site\/wp-content\/uploads\/2025\/08\/WhatsApp-Image-2025-08-17-at-08.07.44-3-4-1024x576.jpeg\" alt=\"\" class=\"wp-image-1664 size-full\" srcset=\"https:\/\/ecvg.com.br\/site\/wp-content\/uploads\/2025\/08\/WhatsApp-Image-2025-08-17-at-08.07.44-3-4-1024x576.jpeg 1024w, https:\/\/ecvg.com.br\/site\/wp-content\/uploads\/2025\/08\/WhatsApp-Image-2025-08-17-at-08.07.44-3-4-300x169.jpeg 300w, https:\/\/ecvg.com.br\/site\/wp-content\/uploads\/2025\/08\/WhatsApp-Image-2025-08-17-at-08.07.44-3-4-768x432.jpeg 768w, https:\/\/ecvg.com.br\/site\/wp-content\/uploads\/2025\/08\/WhatsApp-Image-2025-08-17-at-08.07.44-3-4-1536x864.jpeg 1536w, https:\/\/ecvg.com.br\/site\/wp-content\/uploads\/2025\/08\/WhatsApp-Image-2025-08-17-at-08.07.44-3-4-1110x624.jpeg 1110w, https:\/\/ecvg.com.br\/site\/wp-content\/uploads\/2025\/08\/WhatsApp-Image-2025-08-17-at-08.07.44-3-4-528x297.jpeg 528w, https:\/\/ecvg.com.br\/site\/wp-content\/uploads\/2025\/08\/WhatsApp-Image-2025-08-17-at-08.07.44-3-4.jpeg 1600w\" sizes=\"auto, (max-width: 1024px) 100vw, 1024px\" \/><\/figure><div class=\"wp-block-media-text__content\">\n<p>A <strong>Quadra de Areia<\/strong> do Esporte Clube Vila Galv\u00e3o \u00e9 um espa\u00e7o pensado para proporcionar lazer, esporte e bem-estar aos associados. Com estrutura ideal para modalidades como v\u00f4lei de praia, futev\u00f4lei e beach tennis, a quadra \u00e9 utilizada em hor\u00e1rios espec\u00edficos para aulas e atividades organizadas pelo clube.<\/p>\n\n\n\n<p>Fora desses momentos, os associados podem aproveitar livremente o espa\u00e7o para partidas entre amigos ou momentos de descontra\u00e7\u00e3o em fam\u00edlia. Sempre com o cuidado de manter o ambiente agrad\u00e1vel para que todos possam desfrutar da melhor forma poss\u00edvel.<\/p>\n\n\n\n<p>A Quadra de Areia \u00e9 mais um ambiente que refor\u00e7a nosso compromisso em oferecer op\u00e7\u00f5es completas de esporte e lazer para toda a comunidade do clube.<\/p>\n<\/div><\/div>\n\n\n\n<figure class=\"wp-block-gallery has-nested-images columns-default is-cropped wp-block-gallery-1 is-layout-flex wp-block-gallery-is-layout-flex\">\n<figure class=\"wp-block-image size-large\"><img loading=\"lazy\" decoding=\"async\" width=\"1024\" height=\"768\" data-id=\"1667\" src=\"https:\/\/ecvg.com.br\/site\/wp-content\/uploads\/2025\/08\/WhatsApp-Image-2025-08-17-at-08.11.01-2-2-1024x768.jpeg\" alt=\"\" class=\"wp-image-1667\" srcset=\"https:\/\/ecvg.com.br\/site\/wp-content\/uploads\/2025\/08\/WhatsApp-Image-2025-08-17-at-08.11.01-2-2-1024x768.jpeg 1024w, https:\/\/ecvg.com.br\/site\/wp-content\/uploads\/2025\/08\/WhatsApp-Image-2025-08-17-at-08.11.01-2-2-300x225.jpeg 300w, https:\/\/ecvg.com.br\/site\/wp-content\/uploads\/2025\/08\/WhatsApp-Image-2025-08-17-at-08.11.01-2-2-768x576.jpeg 768w, https:\/\/ecvg.com.br\/site\/wp-content\/uploads\/2025\/08\/WhatsApp-Image-2025-08-17-at-08.11.01-2-2-1536x1152.jpeg 1536w, https:\/\/ecvg.com.br\/site\/wp-content\/uploads\/2025\/08\/WhatsApp-Image-2025-08-17-at-08.11.01-2-2.jpeg 1600w\" sizes=\"auto, (max-width: 1024px) 100vw, 1024px\" \/><\/figure>\n\n\n\n<figure class=\"wp-block-image size-large\"><img loading=\"lazy\" decoding=\"async\" width=\"768\" height=\"1024\" data-id=\"1665\" src=\"https:\/\/ecvg.com.br\/site\/wp-content\/uploads\/2025\/08\/WhatsApp-Image-2025-08-17-at-08.11.01-1-2-768x1024.jpeg\" alt=\"\" class=\"wp-image-1665\" srcset=\"https:\/\/ecvg.com.br\/site\/wp-content\/uploads\/2025\/08\/WhatsApp-Image-2025-08-17-at-08.11.01-1-2-768x1024.jpeg 768w, https:\/\/ecvg.com.br\/site\/wp-content\/uploads\/2025\/08\/WhatsApp-Image-2025-08-17-at-08.11.01-1-2-225x300.jpeg 225w, https:\/\/ecvg.com.br\/site\/wp-content\/uploads\/2025\/08\/WhatsApp-Image-2025-08-17-at-08.11.01-1-2-1152x1536.jpeg 1152w, https:\/\/ecvg.com.br\/site\/wp-content\/uploads\/2025\/08\/WhatsApp-Image-2025-08-17-at-08.11.01-1-2.jpeg 1200w\" sizes=\"auto, (max-width: 768px) 100vw, 768px\" \/><\/figure>\n\n\n\n<figure class=\"wp-block-image size-large\"><img loading=\"lazy\" decoding=\"async\" width=\"768\" height=\"1024\" data-id=\"1671\" src=\"https:\/\/ecvg.com.br\/site\/wp-content\/uploads\/2025\/08\/WhatsApp-Image-2025-08-17-at-08.11.01-4-768x1024.jpeg\" alt=\"\" class=\"wp-image-1671\" srcset=\"https:\/\/ecvg.com.br\/site\/wp-content\/uploads\/2025\/08\/WhatsApp-Image-2025-08-17-at-08.11.01-4-768x1024.jpeg 768w, https:\/\/ecvg.com.br\/site\/wp-content\/uploads\/2025\/08\/WhatsApp-Image-2025-08-17-at-08.11.01-4-225x300.jpeg 225w, https:\/\/ecvg.com.br\/site\/wp-content\/uploads\/2025\/08\/WhatsApp-Image-2025-08-17-at-08.11.01-4-1152x1536.jpeg 1152w, https:\/\/ecvg.com.br\/site\/wp-content\/uploads\/2025\/08\/WhatsApp-Image-2025-08-17-at-08.11.01-4.jpeg 1200w\" sizes=\"auto, (max-width: 768px) 100vw, 768px\" \/><\/figure>\n\n\n\n<figure class=\"wp-block-image size-large\"><img loading=\"lazy\" decoding=\"async\" width=\"768\" height=\"1024\" data-id=\"1672\" src=\"https:\/\/ecvg.com.br\/site\/wp-content\/uploads\/2025\/08\/WhatsApp-Image-2025-08-17-at-08.11.00-2-768x1024.jpeg\" alt=\"\" class=\"wp-image-1672\" srcset=\"https:\/\/ecvg.com.br\/site\/wp-content\/uploads\/2025\/08\/WhatsApp-Image-2025-08-17-at-08.11.00-2-768x1024.jpeg 768w, https:\/\/ecvg.com.br\/site\/wp-content\/uploads\/2025\/08\/WhatsApp-Image-2025-08-17-at-08.11.00-2-225x300.jpeg 225w, https:\/\/ecvg.com.br\/site\/wp-content\/uploads\/2025\/08\/WhatsApp-Image-2025-08-17-at-08.11.00-2-1152x1536.jpeg 1152w, https:\/\/ecvg.com.br\/site\/wp-content\/uploads\/2025\/08\/WhatsApp-Image-2025-08-17-at-08.11.00-2.jpeg 1200w\" sizes=\"auto, (max-width: 768px) 100vw, 768px\" \/><\/figure>\n\n\n\n<figure class=\"wp-block-image size-large\"><img loading=\"lazy\" decoding=\"async\" width=\"1024\" height=\"576\" data-id=\"1668\" src=\"https:\/\/ecvg.com.br\/site\/wp-content\/uploads\/2025\/08\/WhatsApp-Image-2025-08-17-at-08.07.44-3-5-1024x576.jpeg\" alt=\"\" class=\"wp-image-1668\" srcset=\"https:\/\/ecvg.com.br\/site\/wp-content\/uploads\/2025\/08\/WhatsApp-Image-2025-08-17-at-08.07.44-3-5-1024x576.jpeg 1024w, https:\/\/ecvg.com.br\/site\/wp-content\/uploads\/2025\/08\/WhatsApp-Image-2025-08-17-at-08.07.44-3-5-300x169.jpeg 300w, https:\/\/ecvg.com.br\/site\/wp-content\/uploads\/2025\/08\/WhatsApp-Image-2025-08-17-at-08.07.44-3-5-768x432.jpeg 768w, https:\/\/ecvg.com.br\/site\/wp-content\/uploads\/2025\/08\/WhatsApp-Image-2025-08-17-at-08.07.44-3-5-1536x864.jpeg 1536w, https:\/\/ecvg.com.br\/site\/wp-content\/uploads\/2025\/08\/WhatsApp-Image-2025-08-17-at-08.07.44-3-5-1110x624.jpeg 1110w, https:\/\/ecvg.com.br\/site\/wp-content\/uploads\/2025\/08\/WhatsApp-Image-2025-08-17-at-08.07.44-3-5-528x297.jpeg 528w, https:\/\/ecvg.com.br\/site\/wp-content\/uploads\/2025\/08\/WhatsApp-Image-2025-08-17-at-08.07.44-3-5.jpeg 1600w\" sizes=\"auto, (max-width: 1024px) 100vw, 1024px\" \/><\/figure>\n\n\n\n<figure class=\"wp-block-image size-large\"><img loading=\"lazy\" decoding=\"async\" width=\"1024\" height=\"576\" data-id=\"1669\" src=\"https:\/\/ecvg.com.br\/site\/wp-content\/uploads\/2025\/08\/WhatsApp-Image-2025-08-17-at-08.07.44-2-2-1024x576.jpeg\" alt=\"\" class=\"wp-image-1669\" srcset=\"https:\/\/ecvg.com.br\/site\/wp-content\/uploads\/2025\/08\/WhatsApp-Image-2025-08-17-at-08.07.44-2-2-1024x576.jpeg 1024w, https:\/\/ecvg.com.br\/site\/wp-content\/uploads\/2025\/08\/WhatsApp-Image-2025-08-17-at-08.07.44-2-2-300x169.jpeg 300w, https:\/\/ecvg.com.br\/site\/wp-content\/uploads\/2025\/08\/WhatsApp-Image-2025-08-17-at-08.07.44-2-2-768x432.jpeg 768w, https:\/\/ecvg.com.br\/site\/wp-content\/uploads\/2025\/08\/WhatsApp-Image-2025-08-17-at-08.07.44-2-2-1536x864.jpeg 1536w, https:\/\/ecvg.com.br\/site\/wp-content\/uploads\/2025\/08\/WhatsApp-Image-2025-08-17-at-08.07.44-2-2-1110x624.jpeg 1110w, https:\/\/ecvg.com.br\/site\/wp-content\/uploads\/2025\/08\/WhatsApp-Image-2025-08-17-at-08.07.44-2-2-528x297.jpeg 528w, https:\/\/ecvg.com.br\/site\/wp-content\/uploads\/2025\/08\/WhatsApp-Image-2025-08-17-at-08.07.44-2-2.jpeg 1600w\" sizes=\"auto, (max-width: 1024px) 100vw, 1024px\" \/><\/figure>\n\n\n\n<figure class=\"wp-block-image size-large\"><img loading=\"lazy\" decoding=\"async\" width=\"1024\" height=\"576\" data-id=\"1666\" src=\"https:\/\/ecvg.com.br\/site\/wp-content\/uploads\/2025\/08\/WhatsApp-Image-2025-08-17-at-08.07.44-1-2-1024x576.jpeg\" alt=\"\" class=\"wp-image-1666\" srcset=\"https:\/\/ecvg.com.br\/site\/wp-content\/uploads\/2025\/08\/WhatsApp-Image-2025-08-17-at-08.07.44-1-2-1024x576.jpeg 1024w, https:\/\/ecvg.com.br\/site\/wp-content\/uploads\/2025\/08\/WhatsApp-Image-2025-08-17-at-08.07.44-1-2-300x169.jpeg 300w, https:\/\/ecvg.com.br\/site\/wp-content\/uploads\/2025\/08\/WhatsApp-Image-2025-08-17-at-08.07.44-1-2-768x432.jpeg 768w, https:\/\/ecvg.com.br\/site\/wp-content\/uploads\/2025\/08\/WhatsApp-Image-2025-08-17-at-08.07.44-1-2-1536x864.jpeg 1536w, https:\/\/ecvg.com.br\/site\/wp-content\/uploads\/2025\/08\/WhatsApp-Image-2025-08-17-at-08.07.44-1-2-1110x624.jpeg 1110w, https:\/\/ecvg.com.br\/site\/wp-content\/uploads\/2025\/08\/WhatsApp-Image-2025-08-17-at-08.07.44-1-2-528x297.jpeg 528w, https:\/\/ecvg.com.br\/site\/wp-content\/uploads\/2025\/08\/WhatsApp-Image-2025-08-17-at-08.07.44-1-2.jpeg 1600w\" sizes=\"auto, (max-width: 1024px) 100vw, 1024px\" \/><\/figure>\n\n\n\n<figure class=\"wp-block-image size-large\"><img loading=\"lazy\" decoding=\"async\" width=\"1024\" height=\"576\" data-id=\"1670\" src=\"https:\/\/ecvg.com.br\/site\/wp-content\/uploads\/2025\/08\/WhatsApp-Image-2025-08-17-at-08.07.44-5-1024x576.jpeg\" alt=\"\" class=\"wp-image-1670\" srcset=\"https:\/\/ecvg.com.br\/site\/wp-content\/uploads\/2025\/08\/WhatsApp-Image-2025-08-17-at-08.07.44-5-1024x576.jpeg 1024w, https:\/\/ecvg.com.br\/site\/wp-content\/uploads\/2025\/08\/WhatsApp-Image-2025-08-17-at-08.07.44-5-300x169.jpeg 300w, https:\/\/ecvg.com.br\/site\/wp-content\/uploads\/2025\/08\/WhatsApp-Image-2025-08-17-at-08.07.44-5-768x432.jpeg 768w, https:\/\/ecvg.com.br\/site\/wp-content\/uploads\/2025\/08\/WhatsApp-Image-2025-08-17-at-08.07.44-5-1536x864.jpeg 1536w, https:\/\/ecvg.com.br\/site\/wp-content\/uploads\/2025\/08\/WhatsApp-Image-2025-08-17-at-08.07.44-5-1110x624.jpeg 1110w, https:\/\/ecvg.com.br\/site\/wp-content\/uploads\/2025\/08\/WhatsApp-Image-2025-08-17-at-08.07.44-5-528x297.jpeg 528w, https:\/\/ecvg.com.br\/site\/wp-content\/uploads\/2025\/08\/WhatsApp-Image-2025-08-17-at-08.07.44-5.jpeg 1600w\" sizes=\"auto, (max-width: 1024px) 100vw, 1024px\" \/><\/figure>\n<\/figure>\n","protected":false},"excerpt":{"rendered":"<p>A Quadra de Areia do Esporte Clube Vila Galv\u00e3o \u00e9 um espa\u00e7o pensado para proporcionar lazer, esporte e bem-estar aos associados. Com estrutura ideal para modalidades como v\u00f4lei de praia, futev\u00f4lei e beach tennis, a quadra \u00e9 utilizada em hor\u00e1rios espec\u00edficos para aulas e atividades organizadas pelo clube. Fora desses momentos, os associados podem aproveitar [&hellip;]<\/p>\n","protected":false},"author":1,"featured_media":0,"parent":0,"menu_order":0,"comment_status":"closed","ping_status":"closed","template":"","meta":{"footnotes":""},"class_list":["post-708","page","type-page","status-publish","czr-hentry"],"_links":{"self":[{"href":"https:\/\/ecvg.com.br\/site\/wp-json\/wp\/v2\/pages\/708","targetHints":{"allow":["GET"]}}],"collection":[{"href":"https:\/\/ecvg.com.br\/site\/wp-json\/wp\/v2\/pages"}],"about":[{"href":"https:\/\/ecvg.com.br\/site\/wp-json\/wp\/v2\/types\/page"}],"author":[{"embeddable":true,"href":"https:\/\/ecvg.com.br\/site\/wp-json\/wp\/v2\/users\/1"}],"replies":[{"embeddable":true,"href":"https:\/\/ecvg.com.br\/site\/wp-json\/wp\/v2\/comments?post=708"}],"version-history":[{"count":6,"href":"https:\/\/ecvg.com.br\/site\/wp-json\/wp\/v2\/pages\/708\/revisions"}],"predecessor-version":[{"id":1673,"href":"https:\/\/ecvg.com.br\/site\/wp-json\/wp\/v2\/pages\/708\/revisions\/1673"}],"wp:attachment":[{"href":"https:\/\/ecvg.com.br\/site\/wp-json\/wp\/v2\/media?parent=708"}],"curies":[{"name":"wp","href":"https:\/\/api.w.org\/{rel}","templated":true}]}}