{"id":706,"date":"2023-10-31T07:24:49","date_gmt":"2023-10-31T07:24:49","guid":{"rendered":"https:\/\/ecvg.com.br\/site\/?page_id=706"},"modified":"2025-08-17T11:43:59","modified_gmt":"2025-08-17T11:43:59","slug":"area-gourmet","status":"publish","type":"page","link":"https:\/\/ecvg.com.br\/site\/area-gourmet\/","title":{"rendered":"Pra\u00e7a de Alimenta\u00e7\u00e3o"},"content":{"rendered":"\n<div class=\"wp-block-media-text is-stacked-on-mobile\"><figure class=\"wp-block-media-text__media\"><img loading=\"lazy\" decoding=\"async\" width=\"1024\" height=\"576\" src=\"https:\/\/ecvg.com.br\/site\/wp-content\/uploads\/2025\/08\/WhatsApp-Image-2025-08-17-at-08.38.03-1024x576.jpeg\" alt=\"\" class=\"wp-image-1676 size-full\" srcset=\"https:\/\/ecvg.com.br\/site\/wp-content\/uploads\/2025\/08\/WhatsApp-Image-2025-08-17-at-08.38.03-1024x576.jpeg 1024w, https:\/\/ecvg.com.br\/site\/wp-content\/uploads\/2025\/08\/WhatsApp-Image-2025-08-17-at-08.38.03-300x169.jpeg 300w, https:\/\/ecvg.com.br\/site\/wp-content\/uploads\/2025\/08\/WhatsApp-Image-2025-08-17-at-08.38.03-768x432.jpeg 768w, https:\/\/ecvg.com.br\/site\/wp-content\/uploads\/2025\/08\/WhatsApp-Image-2025-08-17-at-08.38.03-1536x864.jpeg 1536w, https:\/\/ecvg.com.br\/site\/wp-content\/uploads\/2025\/08\/WhatsApp-Image-2025-08-17-at-08.38.03-1110x624.jpeg 1110w, https:\/\/ecvg.com.br\/site\/wp-content\/uploads\/2025\/08\/WhatsApp-Image-2025-08-17-at-08.38.03-528x297.jpeg 528w, https:\/\/ecvg.com.br\/site\/wp-content\/uploads\/2025\/08\/WhatsApp-Image-2025-08-17-at-08.38.03.jpeg 1600w\" sizes=\"auto, (max-width: 1024px) 100vw, 1024px\" \/><\/figure><div class=\"wp-block-media-text__content\">\n<p>A <strong>Pra\u00e7a de Alimenta\u00e7\u00e3o<\/strong> do Esporte Clube Vila Galv\u00e3o \u00e9 um espa\u00e7o completo e acolhedor, pensado para receber fam\u00edlias e associados em momentos de lazer, refei\u00e7\u00e3o e divers\u00e3o.<\/p>\n\n\n\n<p>O ambiente conta com mesas e cadeiras, ideais para que os associados possam desfrutar de refei\u00e7\u00f5es confortavelmente dentro do clube. Para as crian\u00e7as, h\u00e1 ainda um espa\u00e7o de playground, garantindo divers\u00e3o e seguran\u00e7a. J\u00e1 para quem gosta de jogos, a pra\u00e7a oferece mesas de snooker, ping pong, pebolim e outras op\u00e7\u00f5es recreativas.<\/p>\n\n\n\n<p>Al\u00e9m disso, o local disp\u00f5e de uma churrasqueira com pia de apoio, que pode ser reservada pelos associados para confraterniza\u00e7\u00f5es e encontros especiais. A Pra\u00e7a de Alimenta\u00e7\u00e3o tamb\u00e9m est\u00e1 dispon\u00edvel para <strong>loca\u00e7\u00e3o de eventos de terceiros<\/strong>, ampliando suas possibilidades de uso.<\/p>\n\n\n\n<p>Para maior comodidade, o espa\u00e7o conta com uma lanchonete ao lado, oferecendo praticidade e mais op\u00e7\u00f5es de consumo durante sua perman\u00eancia no clube.<\/p>\n\n\n\n<p>A Pra\u00e7a de Alimenta\u00e7\u00e3o \u00e9 o ponto de encontro perfeito para reunir amigos e familiares, unindo conforto, lazer e conviv\u00eancia em um s\u00f3 lugar.<\/p>\n<\/div><\/div>\n\n\n\n<figure class=\"wp-block-gallery has-nested-images columns-default is-cropped wp-block-gallery-1 is-layout-flex wp-block-gallery-is-layout-flex\">\n<figure class=\"wp-block-image size-large\"><img loading=\"lazy\" decoding=\"async\" width=\"1024\" height=\"576\" data-id=\"1677\" src=\"https:\/\/ecvg.com.br\/site\/wp-content\/uploads\/2025\/08\/WhatsApp-Image-2025-08-17-at-08.38.04-1024x576.jpeg\" alt=\"\" class=\"wp-image-1677\" srcset=\"https:\/\/ecvg.com.br\/site\/wp-content\/uploads\/2025\/08\/WhatsApp-Image-2025-08-17-at-08.38.04-1024x576.jpeg 1024w, https:\/\/ecvg.com.br\/site\/wp-content\/uploads\/2025\/08\/WhatsApp-Image-2025-08-17-at-08.38.04-300x169.jpeg 300w, https:\/\/ecvg.com.br\/site\/wp-content\/uploads\/2025\/08\/WhatsApp-Image-2025-08-17-at-08.38.04-768x432.jpeg 768w, https:\/\/ecvg.com.br\/site\/wp-content\/uploads\/2025\/08\/WhatsApp-Image-2025-08-17-at-08.38.04-1536x864.jpeg 1536w, https:\/\/ecvg.com.br\/site\/wp-content\/uploads\/2025\/08\/WhatsApp-Image-2025-08-17-at-08.38.04-1110x624.jpeg 1110w, https:\/\/ecvg.com.br\/site\/wp-content\/uploads\/2025\/08\/WhatsApp-Image-2025-08-17-at-08.38.04-528x297.jpeg 528w, https:\/\/ecvg.com.br\/site\/wp-content\/uploads\/2025\/08\/WhatsApp-Image-2025-08-17-at-08.38.04.jpeg 1600w\" sizes=\"auto, (max-width: 1024px) 100vw, 1024px\" \/><\/figure>\n\n\n\n<figure class=\"wp-block-image size-large\"><img loading=\"lazy\" decoding=\"async\" width=\"1024\" height=\"576\" data-id=\"1678\" src=\"https:\/\/ecvg.com.br\/site\/wp-content\/uploads\/2025\/08\/WhatsApp-Image-2025-08-17-at-08.38.03-2-1024x576.jpeg\" alt=\"\" class=\"wp-image-1678\" srcset=\"https:\/\/ecvg.com.br\/site\/wp-content\/uploads\/2025\/08\/WhatsApp-Image-2025-08-17-at-08.38.03-2-1024x576.jpeg 1024w, https:\/\/ecvg.com.br\/site\/wp-content\/uploads\/2025\/08\/WhatsApp-Image-2025-08-17-at-08.38.03-2-300x169.jpeg 300w, https:\/\/ecvg.com.br\/site\/wp-content\/uploads\/2025\/08\/WhatsApp-Image-2025-08-17-at-08.38.03-2-768x432.jpeg 768w, https:\/\/ecvg.com.br\/site\/wp-content\/uploads\/2025\/08\/WhatsApp-Image-2025-08-17-at-08.38.03-2-1536x864.jpeg 1536w, https:\/\/ecvg.com.br\/site\/wp-content\/uploads\/2025\/08\/WhatsApp-Image-2025-08-17-at-08.38.03-2-1110x624.jpeg 1110w, https:\/\/ecvg.com.br\/site\/wp-content\/uploads\/2025\/08\/WhatsApp-Image-2025-08-17-at-08.38.03-2-528x297.jpeg 528w, https:\/\/ecvg.com.br\/site\/wp-content\/uploads\/2025\/08\/WhatsApp-Image-2025-08-17-at-08.38.03-2.jpeg 1600w\" sizes=\"auto, (max-width: 1024px) 100vw, 1024px\" \/><\/figure>\n\n\n\n<figure class=\"wp-block-image size-large\"><img loading=\"lazy\" decoding=\"async\" width=\"1024\" height=\"576\" data-id=\"1679\" src=\"https:\/\/ecvg.com.br\/site\/wp-content\/uploads\/2025\/08\/WhatsApp-Image-2025-08-17-at-08.38.03-1-1024x576.jpeg\" alt=\"\" class=\"wp-image-1679\" srcset=\"https:\/\/ecvg.com.br\/site\/wp-content\/uploads\/2025\/08\/WhatsApp-Image-2025-08-17-at-08.38.03-1-1024x576.jpeg 1024w, https:\/\/ecvg.com.br\/site\/wp-content\/uploads\/2025\/08\/WhatsApp-Image-2025-08-17-at-08.38.03-1-300x169.jpeg 300w, https:\/\/ecvg.com.br\/site\/wp-content\/uploads\/2025\/08\/WhatsApp-Image-2025-08-17-at-08.38.03-1-768x432.jpeg 768w, https:\/\/ecvg.com.br\/site\/wp-content\/uploads\/2025\/08\/WhatsApp-Image-2025-08-17-at-08.38.03-1-1536x864.jpeg 1536w, https:\/\/ecvg.com.br\/site\/wp-content\/uploads\/2025\/08\/WhatsApp-Image-2025-08-17-at-08.38.03-1-1110x624.jpeg 1110w, https:\/\/ecvg.com.br\/site\/wp-content\/uploads\/2025\/08\/WhatsApp-Image-2025-08-17-at-08.38.03-1-528x297.jpeg 528w, https:\/\/ecvg.com.br\/site\/wp-content\/uploads\/2025\/08\/WhatsApp-Image-2025-08-17-at-08.38.03-1.jpeg 1600w\" sizes=\"auto, (max-width: 1024px) 100vw, 1024px\" \/><\/figure>\n\n\n\n<figure class=\"wp-block-image size-large\"><img loading=\"lazy\" decoding=\"async\" width=\"1024\" height=\"576\" data-id=\"1682\" src=\"https:\/\/ecvg.com.br\/site\/wp-content\/uploads\/2025\/08\/WhatsApp-Image-2025-08-17-at-08.38.03-3-1024x576.jpeg\" alt=\"\" class=\"wp-image-1682\" srcset=\"https:\/\/ecvg.com.br\/site\/wp-content\/uploads\/2025\/08\/WhatsApp-Image-2025-08-17-at-08.38.03-3-1024x576.jpeg 1024w, https:\/\/ecvg.com.br\/site\/wp-content\/uploads\/2025\/08\/WhatsApp-Image-2025-08-17-at-08.38.03-3-300x169.jpeg 300w, https:\/\/ecvg.com.br\/site\/wp-content\/uploads\/2025\/08\/WhatsApp-Image-2025-08-17-at-08.38.03-3-768x432.jpeg 768w, https:\/\/ecvg.com.br\/site\/wp-content\/uploads\/2025\/08\/WhatsApp-Image-2025-08-17-at-08.38.03-3-1536x864.jpeg 1536w, https:\/\/ecvg.com.br\/site\/wp-content\/uploads\/2025\/08\/WhatsApp-Image-2025-08-17-at-08.38.03-3-1110x624.jpeg 1110w, https:\/\/ecvg.com.br\/site\/wp-content\/uploads\/2025\/08\/WhatsApp-Image-2025-08-17-at-08.38.03-3-528x297.jpeg 528w, https:\/\/ecvg.com.br\/site\/wp-content\/uploads\/2025\/08\/WhatsApp-Image-2025-08-17-at-08.38.03-3.jpeg 1600w\" sizes=\"auto, (max-width: 1024px) 100vw, 1024px\" \/><\/figure>\n\n\n\n<figure class=\"wp-block-image size-large\"><img loading=\"lazy\" decoding=\"async\" width=\"1024\" height=\"576\" data-id=\"1680\" src=\"https:\/\/ecvg.com.br\/site\/wp-content\/uploads\/2025\/08\/WhatsApp-Image-2025-08-17-at-08.38.02-3-1024x576.jpeg\" alt=\"\" class=\"wp-image-1680\" srcset=\"https:\/\/ecvg.com.br\/site\/wp-content\/uploads\/2025\/08\/WhatsApp-Image-2025-08-17-at-08.38.02-3-1024x576.jpeg 1024w, https:\/\/ecvg.com.br\/site\/wp-content\/uploads\/2025\/08\/WhatsApp-Image-2025-08-17-at-08.38.02-3-300x169.jpeg 300w, https:\/\/ecvg.com.br\/site\/wp-content\/uploads\/2025\/08\/WhatsApp-Image-2025-08-17-at-08.38.02-3-768x432.jpeg 768w, https:\/\/ecvg.com.br\/site\/wp-content\/uploads\/2025\/08\/WhatsApp-Image-2025-08-17-at-08.38.02-3-1536x864.jpeg 1536w, https:\/\/ecvg.com.br\/site\/wp-content\/uploads\/2025\/08\/WhatsApp-Image-2025-08-17-at-08.38.02-3-1110x624.jpeg 1110w, https:\/\/ecvg.com.br\/site\/wp-content\/uploads\/2025\/08\/WhatsApp-Image-2025-08-17-at-08.38.02-3-528x297.jpeg 528w, https:\/\/ecvg.com.br\/site\/wp-content\/uploads\/2025\/08\/WhatsApp-Image-2025-08-17-at-08.38.02-3.jpeg 1600w\" sizes=\"auto, (max-width: 1024px) 100vw, 1024px\" \/><\/figure>\n\n\n\n<figure class=\"wp-block-image size-large\"><img loading=\"lazy\" decoding=\"async\" width=\"1024\" height=\"576\" data-id=\"1683\" src=\"https:\/\/ecvg.com.br\/site\/wp-content\/uploads\/2025\/08\/WhatsApp-Image-2025-08-17-at-08.38.02-2-1024x576.jpeg\" alt=\"\" class=\"wp-image-1683\" srcset=\"https:\/\/ecvg.com.br\/site\/wp-content\/uploads\/2025\/08\/WhatsApp-Image-2025-08-17-at-08.38.02-2-1024x576.jpeg 1024w, https:\/\/ecvg.com.br\/site\/wp-content\/uploads\/2025\/08\/WhatsApp-Image-2025-08-17-at-08.38.02-2-300x169.jpeg 300w, https:\/\/ecvg.com.br\/site\/wp-content\/uploads\/2025\/08\/WhatsApp-Image-2025-08-17-at-08.38.02-2-768x432.jpeg 768w, https:\/\/ecvg.com.br\/site\/wp-content\/uploads\/2025\/08\/WhatsApp-Image-2025-08-17-at-08.38.02-2-1536x864.jpeg 1536w, https:\/\/ecvg.com.br\/site\/wp-content\/uploads\/2025\/08\/WhatsApp-Image-2025-08-17-at-08.38.02-2-1110x624.jpeg 1110w, https:\/\/ecvg.com.br\/site\/wp-content\/uploads\/2025\/08\/WhatsApp-Image-2025-08-17-at-08.38.02-2-528x297.jpeg 528w, https:\/\/ecvg.com.br\/site\/wp-content\/uploads\/2025\/08\/WhatsApp-Image-2025-08-17-at-08.38.02-2.jpeg 1600w\" sizes=\"auto, (max-width: 1024px) 100vw, 1024px\" \/><\/figure>\n\n\n\n<figure class=\"wp-block-image size-large\"><img loading=\"lazy\" decoding=\"async\" width=\"1024\" height=\"576\" data-id=\"1684\" src=\"https:\/\/ecvg.com.br\/site\/wp-content\/uploads\/2025\/08\/WhatsApp-Image-2025-08-17-at-08.38.02-1-1-1024x576.jpeg\" alt=\"\" class=\"wp-image-1684\" srcset=\"https:\/\/ecvg.com.br\/site\/wp-content\/uploads\/2025\/08\/WhatsApp-Image-2025-08-17-at-08.38.02-1-1-1024x576.jpeg 1024w, https:\/\/ecvg.com.br\/site\/wp-content\/uploads\/2025\/08\/WhatsApp-Image-2025-08-17-at-08.38.02-1-1-300x169.jpeg 300w, https:\/\/ecvg.com.br\/site\/wp-content\/uploads\/2025\/08\/WhatsApp-Image-2025-08-17-at-08.38.02-1-1-768x432.jpeg 768w, https:\/\/ecvg.com.br\/site\/wp-content\/uploads\/2025\/08\/WhatsApp-Image-2025-08-17-at-08.38.02-1-1-1536x864.jpeg 1536w, https:\/\/ecvg.com.br\/site\/wp-content\/uploads\/2025\/08\/WhatsApp-Image-2025-08-17-at-08.38.02-1-1-1110x624.jpeg 1110w, https:\/\/ecvg.com.br\/site\/wp-content\/uploads\/2025\/08\/WhatsApp-Image-2025-08-17-at-08.38.02-1-1-528x297.jpeg 528w, https:\/\/ecvg.com.br\/site\/wp-content\/uploads\/2025\/08\/WhatsApp-Image-2025-08-17-at-08.38.02-1-1.jpeg 1600w\" sizes=\"auto, (max-width: 1024px) 100vw, 1024px\" \/><\/figure>\n\n\n\n<figure class=\"wp-block-image size-large\"><img loading=\"lazy\" decoding=\"async\" width=\"1024\" height=\"576\" data-id=\"1681\" src=\"https:\/\/ecvg.com.br\/site\/wp-content\/uploads\/2025\/08\/WhatsApp-Image-2025-08-17-at-08.38.02-1024x576.jpeg\" alt=\"\" class=\"wp-image-1681\" srcset=\"https:\/\/ecvg.com.br\/site\/wp-content\/uploads\/2025\/08\/WhatsApp-Image-2025-08-17-at-08.38.02-1024x576.jpeg 1024w, https:\/\/ecvg.com.br\/site\/wp-content\/uploads\/2025\/08\/WhatsApp-Image-2025-08-17-at-08.38.02-300x169.jpeg 300w, https:\/\/ecvg.com.br\/site\/wp-content\/uploads\/2025\/08\/WhatsApp-Image-2025-08-17-at-08.38.02-768x432.jpeg 768w, https:\/\/ecvg.com.br\/site\/wp-content\/uploads\/2025\/08\/WhatsApp-Image-2025-08-17-at-08.38.02-1536x864.jpeg 1536w, https:\/\/ecvg.com.br\/site\/wp-content\/uploads\/2025\/08\/WhatsApp-Image-2025-08-17-at-08.38.02-1110x624.jpeg 1110w, https:\/\/ecvg.com.br\/site\/wp-content\/uploads\/2025\/08\/WhatsApp-Image-2025-08-17-at-08.38.02-528x297.jpeg 528w, https:\/\/ecvg.com.br\/site\/wp-content\/uploads\/2025\/08\/WhatsApp-Image-2025-08-17-at-08.38.02.jpeg 1600w\" sizes=\"auto, (max-width: 1024px) 100vw, 1024px\" \/><\/figure>\n<\/figure>\n","protected":false},"excerpt":{"rendered":"<p>A Pra\u00e7a de Alimenta\u00e7\u00e3o do Esporte Clube Vila Galv\u00e3o \u00e9 um espa\u00e7o completo e acolhedor, pensado para receber fam\u00edlias e associados em momentos de lazer, refei\u00e7\u00e3o e divers\u00e3o. O ambiente conta com mesas e cadeiras, ideais para que os associados possam desfrutar de refei\u00e7\u00f5es confortavelmente dentro do clube. Para as crian\u00e7as, h\u00e1 ainda um espa\u00e7o [&hellip;]<\/p>\n","protected":false},"author":1,"featured_media":0,"parent":0,"menu_order":0,"comment_status":"closed","ping_status":"closed","template":"","meta":{"footnotes":""},"class_list":["post-706","page","type-page","status-publish","czr-hentry"],"_links":{"self":[{"href":"https:\/\/ecvg.com.br\/site\/wp-json\/wp\/v2\/pages\/706","targetHints":{"allow":["GET"]}}],"collection":[{"href":"https:\/\/ecvg.com.br\/site\/wp-json\/wp\/v2\/pages"}],"about":[{"href":"https:\/\/ecvg.com.br\/site\/wp-json\/wp\/v2\/types\/page"}],"author":[{"embeddable":true,"href":"https:\/\/ecvg.com.br\/site\/wp-json\/wp\/v2\/users\/1"}],"replies":[{"embeddable":true,"href":"https:\/\/ecvg.com.br\/site\/wp-json\/wp\/v2\/comments?post=706"}],"version-history":[{"count":4,"href":"https:\/\/ecvg.com.br\/site\/wp-json\/wp\/v2\/pages\/706\/revisions"}],"predecessor-version":[{"id":1685,"href":"https:\/\/ecvg.com.br\/site\/wp-json\/wp\/v2\/pages\/706\/revisions\/1685"}],"wp:attachment":[{"href":"https:\/\/ecvg.com.br\/site\/wp-json\/wp\/v2\/media?parent=706"}],"curies":[{"name":"wp","href":"https:\/\/api.w.org\/{rel}","templated":true}]}}