{"id":702,"date":"2023-10-31T07:21:13","date_gmt":"2023-10-31T07:21:13","guid":{"rendered":"https:\/\/ecvg.com.br\/site\/?page_id=702"},"modified":"2025-08-29T22:21:17","modified_gmt":"2025-08-29T22:21:17","slug":"campo-de-futebol","status":"publish","type":"page","link":"https:\/\/ecvg.com.br\/site\/campo-de-futebol\/","title":{"rendered":"Campo de futebol"},"content":{"rendered":"\n<div class=\"wp-block-media-text is-stacked-on-mobile\"><figure class=\"wp-block-media-text__media\"><img loading=\"lazy\" decoding=\"async\" width=\"1024\" height=\"576\" src=\"https:\/\/ecvg.com.br\/site\/wp-content\/uploads\/2025\/08\/WhatsApp-Image-2025-08-29-at-19.07.52-1-1024x576.jpeg\" alt=\"\" class=\"wp-image-1845 size-full\" srcset=\"https:\/\/ecvg.com.br\/site\/wp-content\/uploads\/2025\/08\/WhatsApp-Image-2025-08-29-at-19.07.52-1-1024x576.jpeg 1024w, https:\/\/ecvg.com.br\/site\/wp-content\/uploads\/2025\/08\/WhatsApp-Image-2025-08-29-at-19.07.52-1-300x169.jpeg 300w, https:\/\/ecvg.com.br\/site\/wp-content\/uploads\/2025\/08\/WhatsApp-Image-2025-08-29-at-19.07.52-1-768x432.jpeg 768w, https:\/\/ecvg.com.br\/site\/wp-content\/uploads\/2025\/08\/WhatsApp-Image-2025-08-29-at-19.07.52-1-1536x864.jpeg 1536w, https:\/\/ecvg.com.br\/site\/wp-content\/uploads\/2025\/08\/WhatsApp-Image-2025-08-29-at-19.07.52-1-1110x624.jpeg 1110w, https:\/\/ecvg.com.br\/site\/wp-content\/uploads\/2025\/08\/WhatsApp-Image-2025-08-29-at-19.07.52-1-528x297.jpeg 528w, https:\/\/ecvg.com.br\/site\/wp-content\/uploads\/2025\/08\/WhatsApp-Image-2025-08-29-at-19.07.52-1.jpeg 1600w\" sizes=\"auto, (max-width: 1024px) 100vw, 1024px\" \/><\/figure><div class=\"wp-block-media-text__content\">\n<p>O Esporte Clube Vila Galv\u00e3o conta com um <strong>campo de futebol<\/strong> ideal para partidas entre amigos, treinos e eventos esportivos. Nosso espa\u00e7o foi planejado para oferecer conforto e seguran\u00e7a, marca\u00e7\u00f5es adequadas e arquibancada para a torcida acompanhar de perto cada lance.<\/p>\n\n\n\n<p>O campo est\u00e1 dispon\u00edvel para uso dos s\u00f3cios e tamb\u00e9m pode ser reservado para jogos, torneios e confraterniza\u00e7\u00f5es. Aqui, o futebol vai muito al\u00e9m do esporte: \u00e9 um momento de integra\u00e7\u00e3o, amizade e divers\u00e3o para todas as idades.<\/p>\n\n\n\n<p>Venha viver a emo\u00e7\u00e3o do futebol no nosso clube!<\/p>\n<\/div><\/div>\n\n\n\n<figure class=\"wp-block-gallery has-nested-images columns-default is-cropped wp-block-gallery-1 is-layout-flex wp-block-gallery-is-layout-flex\">\n<figure class=\"wp-block-image size-large\"><img loading=\"lazy\" decoding=\"async\" width=\"1024\" height=\"576\" data-id=\"1841\" src=\"https:\/\/ecvg.com.br\/site\/wp-content\/uploads\/2025\/08\/WhatsApp-Image-2025-08-29-at-19.07.52-1024x576.jpeg\" alt=\"\" class=\"wp-image-1841\" srcset=\"https:\/\/ecvg.com.br\/site\/wp-content\/uploads\/2025\/08\/WhatsApp-Image-2025-08-29-at-19.07.52-1024x576.jpeg 1024w, https:\/\/ecvg.com.br\/site\/wp-content\/uploads\/2025\/08\/WhatsApp-Image-2025-08-29-at-19.07.52-300x169.jpeg 300w, https:\/\/ecvg.com.br\/site\/wp-content\/uploads\/2025\/08\/WhatsApp-Image-2025-08-29-at-19.07.52-768x432.jpeg 768w, https:\/\/ecvg.com.br\/site\/wp-content\/uploads\/2025\/08\/WhatsApp-Image-2025-08-29-at-19.07.52-1536x864.jpeg 1536w, https:\/\/ecvg.com.br\/site\/wp-content\/uploads\/2025\/08\/WhatsApp-Image-2025-08-29-at-19.07.52-1110x624.jpeg 1110w, https:\/\/ecvg.com.br\/site\/wp-content\/uploads\/2025\/08\/WhatsApp-Image-2025-08-29-at-19.07.52-528x297.jpeg 528w, https:\/\/ecvg.com.br\/site\/wp-content\/uploads\/2025\/08\/WhatsApp-Image-2025-08-29-at-19.07.52.jpeg 1600w\" sizes=\"auto, (max-width: 1024px) 100vw, 1024px\" \/><\/figure>\n\n\n\n<figure class=\"wp-block-image size-large\"><img loading=\"lazy\" decoding=\"async\" width=\"1024\" height=\"576\" data-id=\"1838\" src=\"https:\/\/ecvg.com.br\/site\/wp-content\/uploads\/2025\/08\/WhatsApp-Image-2025-08-29-at-19.07.56-1024x576.jpeg\" alt=\"\" class=\"wp-image-1838\" srcset=\"https:\/\/ecvg.com.br\/site\/wp-content\/uploads\/2025\/08\/WhatsApp-Image-2025-08-29-at-19.07.56-1024x576.jpeg 1024w, https:\/\/ecvg.com.br\/site\/wp-content\/uploads\/2025\/08\/WhatsApp-Image-2025-08-29-at-19.07.56-300x169.jpeg 300w, https:\/\/ecvg.com.br\/site\/wp-content\/uploads\/2025\/08\/WhatsApp-Image-2025-08-29-at-19.07.56-768x432.jpeg 768w, https:\/\/ecvg.com.br\/site\/wp-content\/uploads\/2025\/08\/WhatsApp-Image-2025-08-29-at-19.07.56-1536x864.jpeg 1536w, https:\/\/ecvg.com.br\/site\/wp-content\/uploads\/2025\/08\/WhatsApp-Image-2025-08-29-at-19.07.56-1110x624.jpeg 1110w, https:\/\/ecvg.com.br\/site\/wp-content\/uploads\/2025\/08\/WhatsApp-Image-2025-08-29-at-19.07.56-528x297.jpeg 528w, https:\/\/ecvg.com.br\/site\/wp-content\/uploads\/2025\/08\/WhatsApp-Image-2025-08-29-at-19.07.56.jpeg 1600w\" sizes=\"auto, (max-width: 1024px) 100vw, 1024px\" \/><\/figure>\n\n\n\n<figure class=\"wp-block-image size-large\"><img loading=\"lazy\" decoding=\"async\" width=\"1024\" height=\"576\" data-id=\"1837\" src=\"https:\/\/ecvg.com.br\/site\/wp-content\/uploads\/2025\/08\/WhatsApp-Image-2025-08-29-at-19.07.53-1-1024x576.jpeg\" alt=\"\" class=\"wp-image-1837\" srcset=\"https:\/\/ecvg.com.br\/site\/wp-content\/uploads\/2025\/08\/WhatsApp-Image-2025-08-29-at-19.07.53-1-1024x576.jpeg 1024w, https:\/\/ecvg.com.br\/site\/wp-content\/uploads\/2025\/08\/WhatsApp-Image-2025-08-29-at-19.07.53-1-300x169.jpeg 300w, https:\/\/ecvg.com.br\/site\/wp-content\/uploads\/2025\/08\/WhatsApp-Image-2025-08-29-at-19.07.53-1-768x432.jpeg 768w, https:\/\/ecvg.com.br\/site\/wp-content\/uploads\/2025\/08\/WhatsApp-Image-2025-08-29-at-19.07.53-1-1536x864.jpeg 1536w, https:\/\/ecvg.com.br\/site\/wp-content\/uploads\/2025\/08\/WhatsApp-Image-2025-08-29-at-19.07.53-1-1110x624.jpeg 1110w, https:\/\/ecvg.com.br\/site\/wp-content\/uploads\/2025\/08\/WhatsApp-Image-2025-08-29-at-19.07.53-1-528x297.jpeg 528w, https:\/\/ecvg.com.br\/site\/wp-content\/uploads\/2025\/08\/WhatsApp-Image-2025-08-29-at-19.07.53-1.jpeg 1600w\" sizes=\"auto, (max-width: 1024px) 100vw, 1024px\" \/><\/figure>\n\n\n\n<figure class=\"wp-block-image size-large\"><img loading=\"lazy\" decoding=\"async\" width=\"1024\" height=\"576\" data-id=\"1842\" src=\"https:\/\/ecvg.com.br\/site\/wp-content\/uploads\/2025\/08\/WhatsApp-Image-2025-08-29-at-19.07.44-1-1024x576.jpeg\" alt=\"\" class=\"wp-image-1842\" srcset=\"https:\/\/ecvg.com.br\/site\/wp-content\/uploads\/2025\/08\/WhatsApp-Image-2025-08-29-at-19.07.44-1-1024x576.jpeg 1024w, https:\/\/ecvg.com.br\/site\/wp-content\/uploads\/2025\/08\/WhatsApp-Image-2025-08-29-at-19.07.44-1-300x169.jpeg 300w, https:\/\/ecvg.com.br\/site\/wp-content\/uploads\/2025\/08\/WhatsApp-Image-2025-08-29-at-19.07.44-1-768x432.jpeg 768w, https:\/\/ecvg.com.br\/site\/wp-content\/uploads\/2025\/08\/WhatsApp-Image-2025-08-29-at-19.07.44-1-1536x864.jpeg 1536w, https:\/\/ecvg.com.br\/site\/wp-content\/uploads\/2025\/08\/WhatsApp-Image-2025-08-29-at-19.07.44-1-1110x624.jpeg 1110w, https:\/\/ecvg.com.br\/site\/wp-content\/uploads\/2025\/08\/WhatsApp-Image-2025-08-29-at-19.07.44-1-528x297.jpeg 528w, https:\/\/ecvg.com.br\/site\/wp-content\/uploads\/2025\/08\/WhatsApp-Image-2025-08-29-at-19.07.44-1.jpeg 1600w\" sizes=\"auto, (max-width: 1024px) 100vw, 1024px\" \/><\/figure>\n\n\n\n<figure class=\"wp-block-image size-large\"><img loading=\"lazy\" decoding=\"async\" width=\"1024\" height=\"576\" data-id=\"1843\" src=\"https:\/\/ecvg.com.br\/site\/wp-content\/uploads\/2025\/08\/WhatsApp-Image-2025-08-29-at-19.07.49-1024x576.jpeg\" alt=\"\" class=\"wp-image-1843\" srcset=\"https:\/\/ecvg.com.br\/site\/wp-content\/uploads\/2025\/08\/WhatsApp-Image-2025-08-29-at-19.07.49-1024x576.jpeg 1024w, https:\/\/ecvg.com.br\/site\/wp-content\/uploads\/2025\/08\/WhatsApp-Image-2025-08-29-at-19.07.49-300x169.jpeg 300w, https:\/\/ecvg.com.br\/site\/wp-content\/uploads\/2025\/08\/WhatsApp-Image-2025-08-29-at-19.07.49-768x432.jpeg 768w, https:\/\/ecvg.com.br\/site\/wp-content\/uploads\/2025\/08\/WhatsApp-Image-2025-08-29-at-19.07.49-1536x864.jpeg 1536w, https:\/\/ecvg.com.br\/site\/wp-content\/uploads\/2025\/08\/WhatsApp-Image-2025-08-29-at-19.07.49-1110x624.jpeg 1110w, https:\/\/ecvg.com.br\/site\/wp-content\/uploads\/2025\/08\/WhatsApp-Image-2025-08-29-at-19.07.49-528x297.jpeg 528w, https:\/\/ecvg.com.br\/site\/wp-content\/uploads\/2025\/08\/WhatsApp-Image-2025-08-29-at-19.07.49.jpeg 1600w\" sizes=\"auto, (max-width: 1024px) 100vw, 1024px\" \/><\/figure>\n\n\n\n<figure class=\"wp-block-image size-large\"><img loading=\"lazy\" decoding=\"async\" width=\"1024\" height=\"576\" data-id=\"1833\" src=\"https:\/\/ecvg.com.br\/site\/wp-content\/uploads\/2025\/08\/WhatsApp-Image-2025-08-29-at-19.07.42-1024x576.jpeg\" alt=\"\" class=\"wp-image-1833\" srcset=\"https:\/\/ecvg.com.br\/site\/wp-content\/uploads\/2025\/08\/WhatsApp-Image-2025-08-29-at-19.07.42-1024x576.jpeg 1024w, https:\/\/ecvg.com.br\/site\/wp-content\/uploads\/2025\/08\/WhatsApp-Image-2025-08-29-at-19.07.42-300x169.jpeg 300w, https:\/\/ecvg.com.br\/site\/wp-content\/uploads\/2025\/08\/WhatsApp-Image-2025-08-29-at-19.07.42-768x432.jpeg 768w, https:\/\/ecvg.com.br\/site\/wp-content\/uploads\/2025\/08\/WhatsApp-Image-2025-08-29-at-19.07.42-1110x624.jpeg 1110w, https:\/\/ecvg.com.br\/site\/wp-content\/uploads\/2025\/08\/WhatsApp-Image-2025-08-29-at-19.07.42-528x297.jpeg 528w, https:\/\/ecvg.com.br\/site\/wp-content\/uploads\/2025\/08\/WhatsApp-Image-2025-08-29-at-19.07.42.jpeg 1280w\" sizes=\"auto, (max-width: 1024px) 100vw, 1024px\" \/><\/figure>\n\n\n\n<figure class=\"wp-block-image size-large\"><img loading=\"lazy\" decoding=\"async\" width=\"1024\" height=\"576\" data-id=\"1839\" src=\"https:\/\/ecvg.com.br\/site\/wp-content\/uploads\/2025\/08\/WhatsApp-Image-2025-08-29-at-19.07.54-1024x576.jpeg\" alt=\"\" class=\"wp-image-1839\" srcset=\"https:\/\/ecvg.com.br\/site\/wp-content\/uploads\/2025\/08\/WhatsApp-Image-2025-08-29-at-19.07.54-1024x576.jpeg 1024w, https:\/\/ecvg.com.br\/site\/wp-content\/uploads\/2025\/08\/WhatsApp-Image-2025-08-29-at-19.07.54-300x169.jpeg 300w, https:\/\/ecvg.com.br\/site\/wp-content\/uploads\/2025\/08\/WhatsApp-Image-2025-08-29-at-19.07.54-768x432.jpeg 768w, https:\/\/ecvg.com.br\/site\/wp-content\/uploads\/2025\/08\/WhatsApp-Image-2025-08-29-at-19.07.54-1536x864.jpeg 1536w, https:\/\/ecvg.com.br\/site\/wp-content\/uploads\/2025\/08\/WhatsApp-Image-2025-08-29-at-19.07.54-1110x624.jpeg 1110w, https:\/\/ecvg.com.br\/site\/wp-content\/uploads\/2025\/08\/WhatsApp-Image-2025-08-29-at-19.07.54-528x297.jpeg 528w, https:\/\/ecvg.com.br\/site\/wp-content\/uploads\/2025\/08\/WhatsApp-Image-2025-08-29-at-19.07.54.jpeg 1600w\" sizes=\"auto, (max-width: 1024px) 100vw, 1024px\" \/><\/figure>\n\n\n\n<figure class=\"wp-block-image size-large\"><img loading=\"lazy\" decoding=\"async\" width=\"1024\" height=\"576\" data-id=\"1844\" src=\"https:\/\/ecvg.com.br\/site\/wp-content\/uploads\/2025\/08\/WhatsApp-Image-2025-08-29-at-19.07.55-1024x576.jpeg\" alt=\"\" class=\"wp-image-1844\" srcset=\"https:\/\/ecvg.com.br\/site\/wp-content\/uploads\/2025\/08\/WhatsApp-Image-2025-08-29-at-19.07.55-1024x576.jpeg 1024w, https:\/\/ecvg.com.br\/site\/wp-content\/uploads\/2025\/08\/WhatsApp-Image-2025-08-29-at-19.07.55-300x169.jpeg 300w, https:\/\/ecvg.com.br\/site\/wp-content\/uploads\/2025\/08\/WhatsApp-Image-2025-08-29-at-19.07.55-768x432.jpeg 768w, https:\/\/ecvg.com.br\/site\/wp-content\/uploads\/2025\/08\/WhatsApp-Image-2025-08-29-at-19.07.55-1536x864.jpeg 1536w, https:\/\/ecvg.com.br\/site\/wp-content\/uploads\/2025\/08\/WhatsApp-Image-2025-08-29-at-19.07.55-1110x624.jpeg 1110w, https:\/\/ecvg.com.br\/site\/wp-content\/uploads\/2025\/08\/WhatsApp-Image-2025-08-29-at-19.07.55-528x297.jpeg 528w, https:\/\/ecvg.com.br\/site\/wp-content\/uploads\/2025\/08\/WhatsApp-Image-2025-08-29-at-19.07.55.jpeg 1600w\" sizes=\"auto, (max-width: 1024px) 100vw, 1024px\" \/><\/figure>\n\n\n\n<figure class=\"wp-block-image size-large\"><img loading=\"lazy\" decoding=\"async\" width=\"1024\" height=\"576\" data-id=\"1835\" src=\"https:\/\/ecvg.com.br\/site\/wp-content\/uploads\/2025\/08\/WhatsApp-Image-2025-08-29-at-19.07.39-1-1024x576.jpeg\" alt=\"\" class=\"wp-image-1835\" srcset=\"https:\/\/ecvg.com.br\/site\/wp-content\/uploads\/2025\/08\/WhatsApp-Image-2025-08-29-at-19.07.39-1-1024x576.jpeg 1024w, https:\/\/ecvg.com.br\/site\/wp-content\/uploads\/2025\/08\/WhatsApp-Image-2025-08-29-at-19.07.39-1-300x169.jpeg 300w, https:\/\/ecvg.com.br\/site\/wp-content\/uploads\/2025\/08\/WhatsApp-Image-2025-08-29-at-19.07.39-1-768x432.jpeg 768w, https:\/\/ecvg.com.br\/site\/wp-content\/uploads\/2025\/08\/WhatsApp-Image-2025-08-29-at-19.07.39-1-1110x624.jpeg 1110w, https:\/\/ecvg.com.br\/site\/wp-content\/uploads\/2025\/08\/WhatsApp-Image-2025-08-29-at-19.07.39-1-528x297.jpeg 528w, https:\/\/ecvg.com.br\/site\/wp-content\/uploads\/2025\/08\/WhatsApp-Image-2025-08-29-at-19.07.39-1.jpeg 1280w\" sizes=\"auto, (max-width: 1024px) 100vw, 1024px\" \/><\/figure>\n<\/figure>\n","protected":false},"excerpt":{"rendered":"<p>O Esporte Clube Vila Galv\u00e3o conta com um campo de futebol ideal para partidas entre amigos, treinos e eventos esportivos. Nosso espa\u00e7o foi planejado para oferecer conforto e seguran\u00e7a, marca\u00e7\u00f5es adequadas e arquibancada para a torcida acompanhar de perto cada lance. O campo est\u00e1 dispon\u00edvel para uso dos s\u00f3cios e tamb\u00e9m pode ser reservado para [&hellip;]<\/p>\n","protected":false},"author":1,"featured_media":0,"parent":0,"menu_order":0,"comment_status":"closed","ping_status":"closed","template":"","meta":{"footnotes":""},"class_list":["post-702","page","type-page","status-publish","czr-hentry"],"_links":{"self":[{"href":"https:\/\/ecvg.com.br\/site\/wp-json\/wp\/v2\/pages\/702","targetHints":{"allow":["GET"]}}],"collection":[{"href":"https:\/\/ecvg.com.br\/site\/wp-json\/wp\/v2\/pages"}],"about":[{"href":"https:\/\/ecvg.com.br\/site\/wp-json\/wp\/v2\/types\/page"}],"author":[{"embeddable":true,"href":"https:\/\/ecvg.com.br\/site\/wp-json\/wp\/v2\/users\/1"}],"replies":[{"embeddable":true,"href":"https:\/\/ecvg.com.br\/site\/wp-json\/wp\/v2\/comments?post=702"}],"version-history":[{"count":7,"href":"https:\/\/ecvg.com.br\/site\/wp-json\/wp\/v2\/pages\/702\/revisions"}],"predecessor-version":[{"id":1848,"href":"https:\/\/ecvg.com.br\/site\/wp-json\/wp\/v2\/pages\/702\/revisions\/1848"}],"wp:attachment":[{"href":"https:\/\/ecvg.com.br\/site\/wp-json\/wp\/v2\/media?parent=702"}],"curies":[{"name":"wp","href":"https:\/\/api.w.org\/{rel}","templated":true}]}}