{"id":696,"date":"2023-10-31T07:15:30","date_gmt":"2023-10-31T07:15:30","guid":{"rendered":"https:\/\/ecvg.com.br\/site\/?page_id=696"},"modified":"2025-10-03T16:46:53","modified_gmt":"2025-10-03T16:46:53","slug":"parque-aquatico","status":"publish","type":"page","link":"https:\/\/ecvg.com.br\/site\/parque-aquatico\/","title":{"rendered":"Piscinas"},"content":{"rendered":"\n<p class=\"has-text-align-center\"><\/p>\n\n\n\n<div class=\"wp-block-media-text is-stacked-on-mobile\"><figure class=\"wp-block-media-text__media\"><img loading=\"lazy\" decoding=\"async\" width=\"1024\" height=\"768\" src=\"https:\/\/ecvg.com.br\/site\/wp-content\/uploads\/2025\/08\/WhatsApp-Image-2025-08-17-at-09.25.41-1024x768.jpeg\" alt=\"\" class=\"wp-image-1704 size-full\" srcset=\"https:\/\/ecvg.com.br\/site\/wp-content\/uploads\/2025\/08\/WhatsApp-Image-2025-08-17-at-09.25.41-1024x768.jpeg 1024w, https:\/\/ecvg.com.br\/site\/wp-content\/uploads\/2025\/08\/WhatsApp-Image-2025-08-17-at-09.25.41-300x225.jpeg 300w, https:\/\/ecvg.com.br\/site\/wp-content\/uploads\/2025\/08\/WhatsApp-Image-2025-08-17-at-09.25.41-768x576.jpeg 768w, https:\/\/ecvg.com.br\/site\/wp-content\/uploads\/2025\/08\/WhatsApp-Image-2025-08-17-at-09.25.41-1536x1152.jpeg 1536w, https:\/\/ecvg.com.br\/site\/wp-content\/uploads\/2025\/08\/WhatsApp-Image-2025-08-17-at-09.25.41.jpeg 1600w\" sizes=\"auto, (max-width: 1024px) 100vw, 1024px\" \/><\/figure><div class=\"wp-block-media-text__content\">\n<p>O Esporte Clube Vila Galv\u00e3o oferece um dos espa\u00e7os mais queridos pelos associados: o complexo de <strong>cinco piscinas<\/strong>. S\u00e3o duas infantis, ideais para as crian\u00e7as aproveitarem com seguran\u00e7a, duas de uso familiar (perfeitas para lazer e recrea\u00e7\u00e3o) e uma <strong>semiol\u00edmpica<\/strong>, destinada tanto \u00e0 pr\u00e1tica esportiva quanto ao lazer, contando ainda com um tobo\u00e1gua para momentos de pura divers\u00e3o.<\/p>\n\n\n\n<p>O espa\u00e7o tamb\u00e9m \u00e9 palco de <strong>atividades recreativas e aqu\u00e1ticas<\/strong>, como aulas de ritmos na piscina e hidrogin\u00e1stica, especialmente durante o ver\u00e3o, garantindo ainda mais op\u00e7\u00f5es de divers\u00e3o e bem-estar para os associados.<\/p>\n\n\n\n<p>O acesso \u00e0s piscinas \u00e9 feito por catraca, garantindo mais organiza\u00e7\u00e3o e seguran\u00e7a. Na portaria do espa\u00e7o, os associados contam com arm\u00e1rios para guardar bolsas e pertences diretamente na recep\u00e7\u00e3o.<\/p>\n\n\n\n<p>Na mesma \u00e1rea, est\u00e3o dispon\u00edveis os <strong>vesti\u00e1rios masculino e feminino<\/strong>, al\u00e9m de um <strong>ambulat\u00f3rio<\/strong>, utilizado para inspe\u00e7\u00f5es dermatol\u00f3gicas e suporte aos associados.<\/p>\n\n\n\n<p>\u00c9 importante que todos estejam atentos \u00e0s <strong>regras do parque aqu\u00e1tico<\/strong>, que orientam sobre o que \u00e9 permitido ou n\u00e3o dentro do espa\u00e7o, para que a experi\u00eancia seja segura, agrad\u00e1vel e aproveitada da melhor forma poss\u00edvel.<\/p>\n\n\n\n<p>As Piscinas do clube s\u00e3o o cen\u00e1rio perfeito para lazer, esporte e conviv\u00eancia, unindo estrutura de qualidade com divers\u00e3o para todas as idades.<\/p>\n<\/div><\/div>\n\n\n\n<figure class=\"wp-block-gallery has-nested-images columns-default is-cropped wp-block-gallery-1 is-layout-flex wp-block-gallery-is-layout-flex\">\n<figure class=\"wp-block-image size-large\"><img loading=\"lazy\" decoding=\"async\" width=\"1024\" height=\"768\" data-id=\"1705\" src=\"https:\/\/ecvg.com.br\/site\/wp-content\/uploads\/2025\/08\/WhatsApp-Image-2025-08-17-at-09.25.41-3-1024x768.jpeg\" alt=\"\" class=\"wp-image-1705\" srcset=\"https:\/\/ecvg.com.br\/site\/wp-content\/uploads\/2025\/08\/WhatsApp-Image-2025-08-17-at-09.25.41-3-1024x768.jpeg 1024w, https:\/\/ecvg.com.br\/site\/wp-content\/uploads\/2025\/08\/WhatsApp-Image-2025-08-17-at-09.25.41-3-300x225.jpeg 300w, https:\/\/ecvg.com.br\/site\/wp-content\/uploads\/2025\/08\/WhatsApp-Image-2025-08-17-at-09.25.41-3-768x576.jpeg 768w, https:\/\/ecvg.com.br\/site\/wp-content\/uploads\/2025\/08\/WhatsApp-Image-2025-08-17-at-09.25.41-3-1536x1152.jpeg 1536w, https:\/\/ecvg.com.br\/site\/wp-content\/uploads\/2025\/08\/WhatsApp-Image-2025-08-17-at-09.25.41-3.jpeg 1600w\" sizes=\"auto, (max-width: 1024px) 100vw, 1024px\" \/><\/figure>\n\n\n\n<figure class=\"wp-block-image size-large\"><img loading=\"lazy\" decoding=\"async\" width=\"1024\" height=\"768\" data-id=\"1711\" src=\"https:\/\/ecvg.com.br\/site\/wp-content\/uploads\/2025\/08\/WhatsApp-Image-2025-08-17-at-09.25.41-2-1-1024x768.jpeg\" alt=\"\" class=\"wp-image-1711\" srcset=\"https:\/\/ecvg.com.br\/site\/wp-content\/uploads\/2025\/08\/WhatsApp-Image-2025-08-17-at-09.25.41-2-1-1024x768.jpeg 1024w, https:\/\/ecvg.com.br\/site\/wp-content\/uploads\/2025\/08\/WhatsApp-Image-2025-08-17-at-09.25.41-2-1-300x225.jpeg 300w, https:\/\/ecvg.com.br\/site\/wp-content\/uploads\/2025\/08\/WhatsApp-Image-2025-08-17-at-09.25.41-2-1-768x576.jpeg 768w, https:\/\/ecvg.com.br\/site\/wp-content\/uploads\/2025\/08\/WhatsApp-Image-2025-08-17-at-09.25.41-2-1-1536x1152.jpeg 1536w, https:\/\/ecvg.com.br\/site\/wp-content\/uploads\/2025\/08\/WhatsApp-Image-2025-08-17-at-09.25.41-2-1.jpeg 1600w\" sizes=\"auto, (max-width: 1024px) 100vw, 1024px\" \/><\/figure>\n\n\n\n<figure class=\"wp-block-image size-large\"><img loading=\"lazy\" decoding=\"async\" width=\"1024\" height=\"768\" data-id=\"1706\" src=\"https:\/\/ecvg.com.br\/site\/wp-content\/uploads\/2025\/08\/WhatsApp-Image-2025-08-17-at-09.25.41-1-1024x768.jpeg\" alt=\"\" class=\"wp-image-1706\" srcset=\"https:\/\/ecvg.com.br\/site\/wp-content\/uploads\/2025\/08\/WhatsApp-Image-2025-08-17-at-09.25.41-1-1024x768.jpeg 1024w, https:\/\/ecvg.com.br\/site\/wp-content\/uploads\/2025\/08\/WhatsApp-Image-2025-08-17-at-09.25.41-1-300x225.jpeg 300w, https:\/\/ecvg.com.br\/site\/wp-content\/uploads\/2025\/08\/WhatsApp-Image-2025-08-17-at-09.25.41-1-768x576.jpeg 768w, https:\/\/ecvg.com.br\/site\/wp-content\/uploads\/2025\/08\/WhatsApp-Image-2025-08-17-at-09.25.41-1-1536x1152.jpeg 1536w, https:\/\/ecvg.com.br\/site\/wp-content\/uploads\/2025\/08\/WhatsApp-Image-2025-08-17-at-09.25.41-1.jpeg 1600w\" sizes=\"auto, (max-width: 1024px) 100vw, 1024px\" \/><\/figure>\n\n\n\n<figure class=\"wp-block-image size-large\"><img loading=\"lazy\" decoding=\"async\" width=\"1024\" height=\"768\" data-id=\"1709\" src=\"https:\/\/ecvg.com.br\/site\/wp-content\/uploads\/2025\/08\/WhatsApp-Image-2025-08-17-at-09.25.41-2-1024x768.jpeg\" alt=\"\" class=\"wp-image-1709\" srcset=\"https:\/\/ecvg.com.br\/site\/wp-content\/uploads\/2025\/08\/WhatsApp-Image-2025-08-17-at-09.25.41-2-1024x768.jpeg 1024w, https:\/\/ecvg.com.br\/site\/wp-content\/uploads\/2025\/08\/WhatsApp-Image-2025-08-17-at-09.25.41-2-300x225.jpeg 300w, https:\/\/ecvg.com.br\/site\/wp-content\/uploads\/2025\/08\/WhatsApp-Image-2025-08-17-at-09.25.41-2-768x576.jpeg 768w, https:\/\/ecvg.com.br\/site\/wp-content\/uploads\/2025\/08\/WhatsApp-Image-2025-08-17-at-09.25.41-2-1536x1152.jpeg 1536w, https:\/\/ecvg.com.br\/site\/wp-content\/uploads\/2025\/08\/WhatsApp-Image-2025-08-17-at-09.25.41-2.jpeg 1600w\" sizes=\"auto, (max-width: 1024px) 100vw, 1024px\" \/><\/figure>\n\n\n\n<figure class=\"wp-block-image size-large\"><img loading=\"lazy\" decoding=\"async\" width=\"1024\" height=\"768\" data-id=\"1708\" src=\"https:\/\/ecvg.com.br\/site\/wp-content\/uploads\/2025\/08\/WhatsApp-Image-2025-08-17-at-09.25.40-2-1024x768.jpeg\" alt=\"\" class=\"wp-image-1708\" srcset=\"https:\/\/ecvg.com.br\/site\/wp-content\/uploads\/2025\/08\/WhatsApp-Image-2025-08-17-at-09.25.40-2-1024x768.jpeg 1024w, https:\/\/ecvg.com.br\/site\/wp-content\/uploads\/2025\/08\/WhatsApp-Image-2025-08-17-at-09.25.40-2-300x225.jpeg 300w, https:\/\/ecvg.com.br\/site\/wp-content\/uploads\/2025\/08\/WhatsApp-Image-2025-08-17-at-09.25.40-2-768x576.jpeg 768w, https:\/\/ecvg.com.br\/site\/wp-content\/uploads\/2025\/08\/WhatsApp-Image-2025-08-17-at-09.25.40-2-1536x1152.jpeg 1536w, https:\/\/ecvg.com.br\/site\/wp-content\/uploads\/2025\/08\/WhatsApp-Image-2025-08-17-at-09.25.40-2.jpeg 1600w\" sizes=\"auto, (max-width: 1024px) 100vw, 1024px\" \/><\/figure>\n\n\n\n<figure class=\"wp-block-image size-large\"><img loading=\"lazy\" decoding=\"async\" width=\"1024\" height=\"768\" data-id=\"1710\" src=\"https:\/\/ecvg.com.br\/site\/wp-content\/uploads\/2025\/08\/WhatsApp-Image-2025-08-17-at-09.25.40-1-1024x768.jpeg\" alt=\"\" class=\"wp-image-1710\" srcset=\"https:\/\/ecvg.com.br\/site\/wp-content\/uploads\/2025\/08\/WhatsApp-Image-2025-08-17-at-09.25.40-1-1024x768.jpeg 1024w, https:\/\/ecvg.com.br\/site\/wp-content\/uploads\/2025\/08\/WhatsApp-Image-2025-08-17-at-09.25.40-1-300x225.jpeg 300w, https:\/\/ecvg.com.br\/site\/wp-content\/uploads\/2025\/08\/WhatsApp-Image-2025-08-17-at-09.25.40-1-768x576.jpeg 768w, https:\/\/ecvg.com.br\/site\/wp-content\/uploads\/2025\/08\/WhatsApp-Image-2025-08-17-at-09.25.40-1-1536x1152.jpeg 1536w, https:\/\/ecvg.com.br\/site\/wp-content\/uploads\/2025\/08\/WhatsApp-Image-2025-08-17-at-09.25.40-1.jpeg 1600w\" sizes=\"auto, (max-width: 1024px) 100vw, 1024px\" \/><\/figure>\n\n\n\n<figure class=\"wp-block-image size-large\"><img loading=\"lazy\" decoding=\"async\" width=\"1024\" height=\"768\" data-id=\"1712\" src=\"https:\/\/ecvg.com.br\/site\/wp-content\/uploads\/2025\/08\/WhatsApp-Image-2025-08-17-at-09.25.40-1024x768.jpeg\" alt=\"\" class=\"wp-image-1712\" srcset=\"https:\/\/ecvg.com.br\/site\/wp-content\/uploads\/2025\/08\/WhatsApp-Image-2025-08-17-at-09.25.40-1024x768.jpeg 1024w, https:\/\/ecvg.com.br\/site\/wp-content\/uploads\/2025\/08\/WhatsApp-Image-2025-08-17-at-09.25.40-300x225.jpeg 300w, https:\/\/ecvg.com.br\/site\/wp-content\/uploads\/2025\/08\/WhatsApp-Image-2025-08-17-at-09.25.40-768x576.jpeg 768w, https:\/\/ecvg.com.br\/site\/wp-content\/uploads\/2025\/08\/WhatsApp-Image-2025-08-17-at-09.25.40-1536x1152.jpeg 1536w, https:\/\/ecvg.com.br\/site\/wp-content\/uploads\/2025\/08\/WhatsApp-Image-2025-08-17-at-09.25.40.jpeg 1600w\" sizes=\"auto, (max-width: 1024px) 100vw, 1024px\" \/><\/figure>\n\n\n\n<figure class=\"wp-block-image size-large\"><img loading=\"lazy\" decoding=\"async\" width=\"1024\" height=\"768\" data-id=\"1707\" src=\"https:\/\/ecvg.com.br\/site\/wp-content\/uploads\/2025\/08\/WhatsApp-Image-2025-08-17-at-09.25.37-1024x768.jpeg\" alt=\"\" class=\"wp-image-1707\" srcset=\"https:\/\/ecvg.com.br\/site\/wp-content\/uploads\/2025\/08\/WhatsApp-Image-2025-08-17-at-09.25.37-1024x768.jpeg 1024w, https:\/\/ecvg.com.br\/site\/wp-content\/uploads\/2025\/08\/WhatsApp-Image-2025-08-17-at-09.25.37-300x225.jpeg 300w, https:\/\/ecvg.com.br\/site\/wp-content\/uploads\/2025\/08\/WhatsApp-Image-2025-08-17-at-09.25.37-768x576.jpeg 768w, https:\/\/ecvg.com.br\/site\/wp-content\/uploads\/2025\/08\/WhatsApp-Image-2025-08-17-at-09.25.37-1536x1152.jpeg 1536w, https:\/\/ecvg.com.br\/site\/wp-content\/uploads\/2025\/08\/WhatsApp-Image-2025-08-17-at-09.25.37.jpeg 1600w\" sizes=\"auto, (max-width: 1024px) 100vw, 1024px\" \/><\/figure>\n<\/figure>\n","protected":false},"excerpt":{"rendered":"<p>O Esporte Clube Vila Galv\u00e3o oferece um dos espa\u00e7os mais queridos pelos associados: o complexo de cinco piscinas. S\u00e3o duas infantis, ideais para as crian\u00e7as aproveitarem com seguran\u00e7a, duas de uso familiar (perfeitas para lazer e recrea\u00e7\u00e3o) e uma semiol\u00edmpica, destinada tanto \u00e0 pr\u00e1tica esportiva quanto ao lazer, contando ainda com um tobo\u00e1gua para momentos [&hellip;]<\/p>\n","protected":false},"author":1,"featured_media":0,"parent":0,"menu_order":0,"comment_status":"closed","ping_status":"closed","template":"","meta":{"footnotes":""},"class_list":["post-696","page","type-page","status-publish","czr-hentry"],"_links":{"self":[{"href":"https:\/\/ecvg.com.br\/site\/wp-json\/wp\/v2\/pages\/696","targetHints":{"allow":["GET"]}}],"collection":[{"href":"https:\/\/ecvg.com.br\/site\/wp-json\/wp\/v2\/pages"}],"about":[{"href":"https:\/\/ecvg.com.br\/site\/wp-json\/wp\/v2\/types\/page"}],"author":[{"embeddable":true,"href":"https:\/\/ecvg.com.br\/site\/wp-json\/wp\/v2\/users\/1"}],"replies":[{"embeddable":true,"href":"https:\/\/ecvg.com.br\/site\/wp-json\/wp\/v2\/comments?post=696"}],"version-history":[{"count":12,"href":"https:\/\/ecvg.com.br\/site\/wp-json\/wp\/v2\/pages\/696\/revisions"}],"predecessor-version":[{"id":1853,"href":"https:\/\/ecvg.com.br\/site\/wp-json\/wp\/v2\/pages\/696\/revisions\/1853"}],"wp:attachment":[{"href":"https:\/\/ecvg.com.br\/site\/wp-json\/wp\/v2\/media?parent=696"}],"curies":[{"name":"wp","href":"https:\/\/api.w.org\/{rel}","templated":true}]}}