{"id":25,"date":"2023-03-14T08:27:04","date_gmt":"2023-03-14T08:27:04","guid":{"rendered":"https:\/\/ecvg.com.br\/site\/?page_id=25"},"modified":"2024-06-13T18:18:20","modified_gmt":"2024-06-13T18:18:20","slug":"locacoes","status":"publish","type":"page","link":"https:\/\/ecvg.com.br\/site\/locacoes\/","title":{"rendered":"LOCA\u00c7\u00d5ES"},"content":{"rendered":"\n<h2 class=\"wp-block-heading\">REALIZE SEU EVENTO NO NOSSO CLUBE<\/h2>\n\n\n\n<p>Bem-vindo \u00e0 aba <strong>LOCA\u00c7\u00d5ES<\/strong> do ESPORTE CLUBE VILA GALV\u00c3O!<br><br>Nosso clube oferece uma estrutura completa para garantir a divers\u00e3o e o conforto de todos os seus convidados. Com um gin\u00e1sio esportivo, \u00e1rea de lazer com sal\u00e3o de jogos e pra\u00e7a de alimenta\u00e7\u00e3o, piscinas e um sal\u00e3o de festas, temos o espa\u00e7o ideal para sua comemora\u00e7\u00e3o!<br><br><strong>Como realizar a loca\u00e7\u00e3o:<\/strong><br><br>1. <a href=\"https:\/\/wa.me\/message\/HYRWQPFE32ULA1\">CLIQUE AQUI<\/a> e escolha a op\u00e7\u00e3o &#8220;Quero Fazer Uma Confraterniza\u00e7\u00e3o Com Amigos&#8221;.<br>2. Fa\u00e7a sua reserva antecipada com 7 dias de anteced\u00eancia.<\/p>\n","protected":false},"excerpt":{"rendered":"<p>REALIZE SEU EVENTO NO NOSSO CLUBE Bem-vindo \u00e0 aba LOCA\u00c7\u00d5ES do ESPORTE CLUBE VILA GALV\u00c3O! Nosso clube oferece uma estrutura completa para garantir a divers\u00e3o e o conforto de todos os seus convidados. Com um gin\u00e1sio esportivo, \u00e1rea de lazer com sal\u00e3o de jogos e pra\u00e7a de alimenta\u00e7\u00e3o, piscinas e um sal\u00e3o de festas, temos [&hellip;]<\/p>\n","protected":false},"author":1,"featured_media":0,"parent":0,"menu_order":0,"comment_status":"closed","ping_status":"closed","template":"","meta":{"footnotes":""},"class_list":["post-25","page","type-page","status-publish","czr-hentry"],"_links":{"self":[{"href":"https:\/\/ecvg.com.br\/site\/wp-json\/wp\/v2\/pages\/25","targetHints":{"allow":["GET"]}}],"collection":[{"href":"https:\/\/ecvg.com.br\/site\/wp-json\/wp\/v2\/pages"}],"about":[{"href":"https:\/\/ecvg.com.br\/site\/wp-json\/wp\/v2\/types\/page"}],"author":[{"embeddable":true,"href":"https:\/\/ecvg.com.br\/site\/wp-json\/wp\/v2\/users\/1"}],"replies":[{"embeddable":true,"href":"https:\/\/ecvg.com.br\/site\/wp-json\/wp\/v2\/comments?post=25"}],"version-history":[{"count":8,"href":"https:\/\/ecvg.com.br\/site\/wp-json\/wp\/v2\/pages\/25\/revisions"}],"predecessor-version":[{"id":1077,"href":"https:\/\/ecvg.com.br\/site\/wp-json\/wp\/v2\/pages\/25\/revisions\/1077"}],"wp:attachment":[{"href":"https:\/\/ecvg.com.br\/site\/wp-json\/wp\/v2\/media?parent=25"}],"curies":[{"name":"wp","href":"https:\/\/api.w.org\/{rel}","templated":true}]}}