{"id":21,"date":"2023-03-14T08:25:12","date_gmt":"2023-03-14T08:25:12","guid":{"rendered":"https:\/\/ecvg.com.br\/site\/?page_id=21"},"modified":"2025-08-01T15:42:15","modified_gmt":"2025-08-01T15:42:15","slug":"contato","status":"publish","type":"page","link":"https:\/\/ecvg.com.br\/site\/contato\/","title":{"rendered":"CONTATO"},"content":{"rendered":"\n<figure class=\"wp-block-table\"><table><tbody><tr><td class=\"has-text-align-center\" data-align=\"center\"><strong>SE VOC\u00ca J\u00c1 \u00c9 ASSOCIADO DO CLUBE, PARTICIPE TAMB\u00c9M DO NOSSO GRUPO EXCLUSIVO NO WHATSAPP E RECEBA, EM PRIMEIRA M\u00c3O, COMUNICADOS OFICIAIS E AVISOS IMPORTANTES.<\/strong><\/td><\/tr><tr><td class=\"has-text-align-center\" data-align=\"center\"><a href=\"https:\/\/chat.whatsapp.com\/JpLtWUHhEu5JcM5GEhSDd7\" target=\"_blank\" rel=\"noreferrer noopener\"><\/a><a href=\"https:\/\/chat.whatsapp.com\/JpLtWUHhEu5JcM5GEhSDd7\" target=\"_blank\" rel=\"noreferrer noopener\"> GRUPO OFICIAL &#8211; S\u00d3CIOS DO CLUBE VILA GALV\u00c3O<\/a><\/td><\/tr><tr><td class=\"has-text-align-center\" data-align=\"center\"><strong>Fale Conosco :<\/strong><br><strong><a href=\"https:\/\/chat.whatsapp.com\/JpLtWUHhEu5JcM5GEhSDd7\" target=\"_blank\" rel=\"noreferrer noopener\"><\/a><\/strong> <strong><img decoding=\"async\" src=\"https:\/\/ecvg.com.br\/site\/wp-content\/uploads\/2023\/03\/icon_whats.fw_.png\" alt=\"\"><\/strong> Whatsapp: <a href=\"https:\/\/api.whatsapp.com\/send\/?phone=%2B5511945510144\" target=\"_blank\" rel=\"noreferrer noopener\">11 96328-7589<\/a><br>Secretaria: <a href=\"http:\/\/tel1123829791\/\">11 2382-9791<\/a> \/ <a href=\"http:\/\/tel1123829546\/\">11 2382-9546<\/a><br><br><strong>Hor\u00e1rio de funcionamento da secretaria :<\/strong><br><br>Ter\u00e7a \u00e0 Sexta das 8:00hs \u2013 20:00hs<br>S\u00e1bados, Domingos e Feriados das 8:00hs \u2013 18:00hs<\/td><\/tr><\/tbody><\/table><\/figure>\n\n\n\n<div class=\"wp-block-columns is-layout-flex wp-container-core-columns-is-layout-9d6595d7 wp-block-columns-is-layout-flex\">\n<div class=\"wp-block-column is-layout-flow wp-block-column-is-layout-flow\"><div class=\"wpforms-container wpforms-container-full wpforms-render-modern\" id=\"wpforms-669\"><form id=\"wpforms-form-669\" class=\"wpforms-validate wpforms-form wpforms-ajax-form\" data-formid=\"669\" method=\"post\" enctype=\"multipart\/form-data\" action=\"\/site\/wp-json\/wp\/v2\/pages\/21\" data-token=\"1f344f9171b8c30f9aa5086d4afca2ca\"><noscript class=\"wpforms-error-noscript\">Ative o JavaScript no seu navegador para preencher este formul\u00e1rio.<\/noscript><div class=\"wpforms-hidden\" id=\"wpforms-error-noscript\">Ative o JavaScript no seu navegador para preencher este formul\u00e1rio.<\/div><div class=\"wpforms-field-container\"><div id=\"wpforms-669-field_0-container\" class=\"wpforms-field wpforms-field-name\" data-field-id=\"0\"><fieldset><legend class=\"wpforms-field-label\">Nome <span class=\"wpforms-required-label\" aria-hidden=\"true\">*<\/span><\/legend><div class=\"wpforms-field-row wpforms-field-medium\"><div class=\"wpforms-field-row-block wpforms-first wpforms-one-half\"><input type=\"text\" id=\"wpforms-669-field_0\" class=\"wpforms-field-name-first wpforms-field-required\" name=\"wpforms[fields][0][first]\" aria-errormessage=\"wpforms-669-field_0-error\" required><label for=\"wpforms-669-field_0\" class=\"wpforms-field-sublabel after \">Nome<\/label><\/div><div class=\"wpforms-field-row-block wpforms-one-half\"><input type=\"text\" id=\"wpforms-669-field_0-last\" class=\"wpforms-field-name-last wpforms-field-required\" name=\"wpforms[fields][0][last]\" aria-errormessage=\"wpforms-669-field_0-last-error\" required><label for=\"wpforms-669-field_0-last\" class=\"wpforms-field-sublabel after \">Sobrenome<\/label><\/div><\/div><\/fieldset><\/div><div id=\"wpforms-669-field_1-container\" class=\"wpforms-field wpforms-field-email\" data-field-id=\"1\"><label class=\"wpforms-field-label\" for=\"wpforms-669-field_1\">E-mail <span class=\"wpforms-required-label\" aria-hidden=\"true\">*<\/span><\/label><input type=\"email\" id=\"wpforms-669-field_1\" class=\"wpforms-field-medium wpforms-field-required\" name=\"wpforms[fields][1]\" spellcheck=\"false\" aria-errormessage=\"wpforms-669-field_1-error\" required><\/div><div id=\"wpforms-669-field_4-container\" class=\"wpforms-field wpforms-field-text\" data-field-id=\"4\"><label class=\"wpforms-field-label\" for=\"wpforms-669-field_4\">Assunto <span class=\"wpforms-required-label\" aria-hidden=\"true\">*<\/span><\/label><input type=\"text\" id=\"wpforms-669-field_4\" class=\"wpforms-field-medium wpforms-field-required\" name=\"wpforms[fields][4]\" aria-errormessage=\"wpforms-669-field_4-error\" required><\/div><div id=\"wpforms-669-field_2-container\" class=\"wpforms-field wpforms-field-textarea\" data-field-id=\"2\"><label class=\"wpforms-field-label\" for=\"wpforms-669-field_2\">Mensagem <span class=\"wpforms-required-label\" aria-hidden=\"true\">*<\/span><\/label><textarea id=\"wpforms-669-field_2\" class=\"wpforms-field-medium wpforms-field-required\" name=\"wpforms[fields][2]\" aria-errormessage=\"wpforms-669-field_2-error\" required><\/textarea><\/div><\/div><!-- .wpforms-field-container --><div class=\"wpforms-submit-container\" ><input type=\"hidden\" name=\"wpforms[id]\" value=\"669\"><input type=\"hidden\" name=\"wpforms[author]\" value=\"1\"><button type=\"submit\" name=\"wpforms[submit]\" id=\"wpforms-submit-669\" class=\"wpforms-submit\" data-alt-text=\"Enviando\u2026\" data-submit-text=\"Enviar\" aria-live=\"assertive\" value=\"wpforms-submit\">Enviar<\/button><img loading=\"lazy\" decoding=\"async\" src=\"https:\/\/ecvg.com.br\/site\/wp-content\/plugins\/wpforms-lite\/assets\/images\/submit-spin.svg\" class=\"wpforms-submit-spinner\" style=\"display: none;\" width=\"26\" height=\"26\" alt=\"Carregando\"><\/div><\/form><\/div>  <!-- .wpforms-container -->\n<\/div>\n<\/div>\n\n\n\n<p>Atualizado 01\/08\/2025<\/p>\n","protected":false},"excerpt":{"rendered":"<p>SE VOC\u00ca J\u00c1 \u00c9 ASSOCIADO DO CLUBE, PARTICIPE TAMB\u00c9M DO NOSSO GRUPO EXCLUSIVO NO WHATSAPP E RECEBA, EM PRIMEIRA M\u00c3O, COMUNICADOS OFICIAIS E AVISOS IMPORTANTES. GRUPO OFICIAL &#8211; S\u00d3CIOS DO CLUBE VILA GALV\u00c3O Fale Conosco : Whatsapp: 11 96328-7589Secretaria: 11 2382-9791 \/ 11 2382-9546 Hor\u00e1rio de funcionamento da secretaria : Ter\u00e7a \u00e0 Sexta das 8:00hs [&hellip;]<\/p>\n","protected":false},"author":1,"featured_media":0,"parent":0,"menu_order":0,"comment_status":"closed","ping_status":"closed","template":"","meta":{"footnotes":""},"class_list":["post-21","page","type-page","status-publish","czr-hentry"],"_links":{"self":[{"href":"https:\/\/ecvg.com.br\/site\/wp-json\/wp\/v2\/pages\/21","targetHints":{"allow":["GET"]}}],"collection":[{"href":"https:\/\/ecvg.com.br\/site\/wp-json\/wp\/v2\/pages"}],"about":[{"href":"https:\/\/ecvg.com.br\/site\/wp-json\/wp\/v2\/types\/page"}],"author":[{"embeddable":true,"href":"https:\/\/ecvg.com.br\/site\/wp-json\/wp\/v2\/users\/1"}],"replies":[{"embeddable":true,"href":"https:\/\/ecvg.com.br\/site\/wp-json\/wp\/v2\/comments?post=21"}],"version-history":[{"count":27,"href":"https:\/\/ecvg.com.br\/site\/wp-json\/wp\/v2\/pages\/21\/revisions"}],"predecessor-version":[{"id":1506,"href":"https:\/\/ecvg.com.br\/site\/wp-json\/wp\/v2\/pages\/21\/revisions\/1506"}],"wp:attachment":[{"href":"https:\/\/ecvg.com.br\/site\/wp-json\/wp\/v2\/media?parent=21"}],"curies":[{"name":"wp","href":"https:\/\/api.w.org\/{rel}","templated":true}]}}